{"id":1873,"date":"2024-07-25T22:22:26","date_gmt":"2024-07-25T22:22:26","guid":{"rendered":"https:\/\/mujeresempresarias-blc.com\/?page_id=1873"},"modified":"2024-08-15T19:04:06","modified_gmt":"2024-08-15T19:04:06","slug":"invitados-especiales","status":"publish","type":"page","link":"https:\/\/mujeresempresariasblc.com\/it\/conexiones\/invitados-especiales\/","title":{"rendered":"invitados especiales"},"content":{"rendered":"<div data-elementor-type=\"wp-page\" data-elementor-id=\"1873\" class=\"elementor elementor-1873\" data-elementor-post-type=\"page\">\n\t\t\t\t<div class=\"elementor-element elementor-element-be9aeae e-flex e-con-boxed e-con e-parent\" data-id=\"be9aeae\" data-element_type=\"container\" data-settings=\"{&quot;background_background&quot;:&quot;classic&quot;}\">\n\t\t\t\t\t<div class=\"e-con-inner\">\n\t\t\t\t<div class=\"elementor-element elementor-element-4a9b2a7 elementor-widget elementor-widget-heading\" data-id=\"4a9b2a7\" data-element_type=\"widget\" data-widget_type=\"heading.default\">\n\t\t\t\t<div class=\"elementor-widget-container\">\n\t\t\t\t\t<h2 class=\"elementor-heading-title elementor-size-default\">Alianzas<\/h2>\t\t\t\t<\/div>\n\t\t\t\t<\/div>\n\t\t\t\t\t<\/div>\n\t\t\t\t<\/div>\n\t\t<div class=\"elementor-element elementor-element-7f00700 e-flex e-con-boxed e-con e-parent\" data-id=\"7f00700\" data-element_type=\"container\" id=\"fundadoras\" data-settings=\"{&quot;background_background&quot;:&quot;classic&quot;}\">\n\t\t\t\t\t<div class=\"e-con-inner\">\n\t\t\t\t<div class=\"elementor-element elementor-element-c8040ec elementor-widget elementor-widget-heading\" data-id=\"c8040ec\" data-element_type=\"widget\" data-widget_type=\"heading.default\">\n\t\t\t\t<div class=\"elementor-widget-container\">\n\t\t\t\t\t<h2 class=\"elementor-heading-title elementor-size-default\">Invitadas especiales<\/h2>\t\t\t\t<\/div>\n\t\t\t\t<\/div>\n\t\t\t\t\t<\/div>\n\t\t\t\t<\/div>\n\t\t<div class=\"elementor-element elementor-element-eb86b8f e-flex e-con-boxed e-con e-parent\" data-id=\"eb86b8f\" data-element_type=\"container\" data-settings=\"{&quot;background_background&quot;:&quot;classic&quot;}\">\n\t\t\t\t\t<div class=\"e-con-inner\">\n\t\t<div class=\"elementor-element elementor-element-d125464 e-con-full e-flex e-con e-child\" data-id=\"d125464\" data-element_type=\"container\">\n\t\t\t\t<div class=\"elementor-element elementor-element-2c00fca elementor-invisible elementor-widget elementor-widget-image\" data-id=\"2c00fca\" data-element_type=\"widget\" data-settings=\"{&quot;_animation&quot;:&quot;rollIn&quot;,&quot;_animation_delay&quot;:300}\" data-widget_type=\"image.default\">\n\t\t\t\t<div class=\"elementor-widget-container\">\n\t\t\t\t\t\t\t\t\t\t\t\t\t\t\t<img fetchpriority=\"high\" decoding=\"async\" width=\"632\" height=\"632\" src=\"https:\/\/mujeresempresariasblc.com\/wp-content\/uploads\/2024\/07\/carmen-2-2.webp\" class=\"attachment-full size-full wp-image-1883\" alt=\"\" srcset=\"https:\/\/mujeresempresariasblc.com\/wp-content\/uploads\/2024\/07\/carmen-2-2.webp 632w, https:\/\/mujeresempresariasblc.com\/wp-content\/uploads\/2024\/07\/carmen-2-2-300x300.webp 300w, https:\/\/mujeresempresariasblc.com\/wp-content\/uploads\/2024\/07\/carmen-2-2-150x150.webp 150w\" sizes=\"(max-width: 632px) 100vw, 632px\" \/>\t\t\t\t\t\t\t\t\t\t\t\t\t\t\t<\/div>\n\t\t\t\t<\/div>\n\t\t\t\t<div class=\"elementor-element elementor-element-abcac6a elementor-widget elementor-widget-heading\" data-id=\"abcac6a\" data-element_type=\"widget\" data-widget_type=\"heading.default\">\n\t\t\t\t<div class=\"elementor-widget-container\">\n\t\t\t\t\t<h2 class=\"elementor-heading-title elementor-size-default\">Daniela Buitr\u00f3n\n<\/h2>\t\t\t\t<\/div>\n\t\t\t\t<\/div>\n\t\t\t\t<div class=\"elementor-element elementor-element-d1f0e8f elementor-widget elementor-widget-text-editor\" data-id=\"d1f0e8f\" data-element_type=\"widget\" data-widget_type=\"text-editor.default\">\n\t\t\t\t<div class=\"elementor-widget-container\">\n\t\t\t\t\t\t\t\t\tConferencista y Consultora de Imagen P\u00fablica, F\u00edsica y Empresarial.\n\t\t\t\t\t\t\t\t<\/div>\n\t\t\t\t<\/div>\n\t\t\t\t<\/div>\n\t\t<div class=\"elementor-element elementor-element-a9cae42 e-con-full e-flex e-con e-child\" data-id=\"a9cae42\" data-element_type=\"container\">\n\t\t\t\t<div class=\"elementor-element elementor-element-6575355 elementor-invisible elementor-widget elementor-widget-image\" data-id=\"6575355\" data-element_type=\"widget\" data-settings=\"{&quot;_animation&quot;:&quot;rollIn&quot;,&quot;_animation_delay&quot;:300}\" data-widget_type=\"image.default\">\n\t\t\t\t<div class=\"elementor-widget-container\">\n\t\t\t\t\t\t\t\t\t\t\t\t\t\t\t<img decoding=\"async\" width=\"632\" height=\"632\" src=\"https:\/\/mujeresempresariasblc.com\/wp-content\/uploads\/2024\/07\/carmen-3-2.webp\" class=\"attachment-full size-full wp-image-1884\" alt=\"\" srcset=\"https:\/\/mujeresempresariasblc.com\/wp-content\/uploads\/2024\/07\/carmen-3-2.webp 632w, https:\/\/mujeresempresariasblc.com\/wp-content\/uploads\/2024\/07\/carmen-3-2-300x300.webp 300w, https:\/\/mujeresempresariasblc.com\/wp-content\/uploads\/2024\/07\/carmen-3-2-150x150.webp 150w\" sizes=\"(max-width: 632px) 100vw, 632px\" \/>\t\t\t\t\t\t\t\t\t\t\t\t\t\t\t<\/div>\n\t\t\t\t<\/div>\n\t\t\t\t<div class=\"elementor-element elementor-element-b2bd56f elementor-widget elementor-widget-heading\" data-id=\"b2bd56f\" data-element_type=\"widget\" data-widget_type=\"heading.default\">\n\t\t\t\t<div class=\"elementor-widget-container\">\n\t\t\t\t\t<h2 class=\"elementor-heading-title elementor-size-default\">Karen Hoyos<\/h2>\t\t\t\t<\/div>\n\t\t\t\t<\/div>\n\t\t\t\t<div class=\"elementor-element elementor-element-0483b2f elementor-widget elementor-widget-text-editor\" data-id=\"0483b2f\" data-element_type=\"widget\" data-widget_type=\"text-editor.default\">\n\t\t\t\t<div class=\"elementor-widget-container\">\n\t\t\t\t\t\t\t\t\t<p>Coach de Coaches Celebridades y Empresas<\/p>\t\t\t\t\t\t\t\t<\/div>\n\t\t\t\t<\/div>\n\t\t\t\t<\/div>\n\t\t<div class=\"elementor-element elementor-element-3204afd e-con-full e-flex e-con e-child\" data-id=\"3204afd\" data-element_type=\"container\">\n\t\t\t\t<div class=\"elementor-element elementor-element-0397d3b elementor-invisible elementor-widget elementor-widget-image\" data-id=\"0397d3b\" data-element_type=\"widget\" data-settings=\"{&quot;_animation&quot;:&quot;rollIn&quot;,&quot;_animation_delay&quot;:300}\" data-widget_type=\"image.default\">\n\t\t\t\t<div class=\"elementor-widget-container\">\n\t\t\t\t\t\t\t\t\t\t\t\t\t\t\t<img decoding=\"async\" width=\"632\" height=\"631\" src=\"https:\/\/mujeresempresariasblc.com\/wp-content\/uploads\/2024\/07\/carmen-5-3.webp\" class=\"attachment-full size-full wp-image-1886\" alt=\"\" srcset=\"https:\/\/mujeresempresariasblc.com\/wp-content\/uploads\/2024\/07\/carmen-5-3.webp 632w, https:\/\/mujeresempresariasblc.com\/wp-content\/uploads\/2024\/07\/carmen-5-3-300x300.webp 300w, https:\/\/mujeresempresariasblc.com\/wp-content\/uploads\/2024\/07\/carmen-5-3-150x150.webp 150w\" sizes=\"(max-width: 632px) 100vw, 632px\" \/>\t\t\t\t\t\t\t\t\t\t\t\t\t\t\t<\/div>\n\t\t\t\t<\/div>\n\t\t\t\t<div class=\"elementor-element elementor-element-1b2ff05 elementor-widget elementor-widget-heading\" data-id=\"1b2ff05\" data-element_type=\"widget\" data-widget_type=\"heading.default\">\n\t\t\t\t<div class=\"elementor-widget-container\">\n\t\t\t\t\t<h2 class=\"elementor-heading-title elementor-size-default\">Tatiana Arias\n<\/h2>\t\t\t\t<\/div>\n\t\t\t\t<\/div>\n\t\t\t\t<div class=\"elementor-element elementor-element-63f0a54 elementor-widget elementor-widget-text-editor\" data-id=\"63f0a54\" data-element_type=\"widget\" data-widget_type=\"text-editor.default\">\n\t\t\t\t<div class=\"elementor-widget-container\">\n\t\t\t\t\t\t\t\t\tEmpresaria, mentora, creadora del Sistema de Felicidad Financiera y Autora Best Seller\n\n\t\t\t\t\t\t\t\t<\/div>\n\t\t\t\t<\/div>\n\t\t\t\t<\/div>\n\t\t\t\t\t<\/div>\n\t\t\t\t<\/div>\n\t\t<div class=\"elementor-element elementor-element-66cad4a e-flex e-con-boxed e-con e-parent\" data-id=\"66cad4a\" data-element_type=\"container\" data-settings=\"{&quot;background_background&quot;:&quot;classic&quot;}\">\n\t\t\t\t\t<div class=\"e-con-inner\">\n\t\t<div class=\"elementor-element elementor-element-1eeec7f e-con-full e-flex e-con e-child\" data-id=\"1eeec7f\" data-element_type=\"container\">\n\t\t\t\t<div class=\"elementor-element elementor-element-ba2741c elementor-invisible elementor-widget elementor-widget-image\" data-id=\"ba2741c\" data-element_type=\"widget\" data-settings=\"{&quot;_animation&quot;:&quot;rollIn&quot;,&quot;_animation_delay&quot;:300}\" data-widget_type=\"image.default\">\n\t\t\t\t<div class=\"elementor-widget-container\">\n\t\t\t\t\t\t\t\t\t\t\t\t\t\t\t<img loading=\"lazy\" decoding=\"async\" width=\"632\" height=\"632\" src=\"https:\/\/mujeresempresariasblc.com\/wp-content\/uploads\/2024\/07\/carmen-4-1.webp\" class=\"attachment-full size-full wp-image-1885\" alt=\"\" srcset=\"https:\/\/mujeresempresariasblc.com\/wp-content\/uploads\/2024\/07\/carmen-4-1.webp 632w, https:\/\/mujeresempresariasblc.com\/wp-content\/uploads\/2024\/07\/carmen-4-1-300x300.webp 300w, https:\/\/mujeresempresariasblc.com\/wp-content\/uploads\/2024\/07\/carmen-4-1-150x150.webp 150w\" sizes=\"(max-width: 632px) 100vw, 632px\" \/>\t\t\t\t\t\t\t\t\t\t\t\t\t\t\t<\/div>\n\t\t\t\t<\/div>\n\t\t\t\t<div class=\"elementor-element elementor-element-38b4c93 elementor-widget elementor-widget-heading\" data-id=\"38b4c93\" data-element_type=\"widget\" data-widget_type=\"heading.default\">\n\t\t\t\t<div class=\"elementor-widget-container\">\n\t\t\t\t\t<h2 class=\"elementor-heading-title elementor-size-default\">Margarita Pasos\n<\/h2>\t\t\t\t<\/div>\n\t\t\t\t<\/div>\n\t\t\t\t<div class=\"elementor-element elementor-element-2b3b6b4 elementor-widget elementor-widget-text-editor\" data-id=\"2b3b6b4\" data-element_type=\"widget\" data-widget_type=\"text-editor.default\">\n\t\t\t\t<div class=\"elementor-widget-container\">\n\t\t\t\t\t\t\t\t\tL\u00edder de opini\u00f3n, empresaria conferencista y entrenadora corporativa del FORTUNE 500\n\n\t\t\t\t\t\t\t\t<\/div>\n\t\t\t\t<\/div>\n\t\t\t\t<\/div>\n\t\t<div class=\"elementor-element elementor-element-a5532ca e-con-full e-flex e-con e-child\" data-id=\"a5532ca\" data-element_type=\"container\">\n\t\t\t\t<div class=\"elementor-element elementor-element-e16cda9 elementor-invisible elementor-widget elementor-widget-image\" data-id=\"e16cda9\" data-element_type=\"widget\" data-settings=\"{&quot;_animation&quot;:&quot;rollIn&quot;,&quot;_animation_delay&quot;:300}\" data-widget_type=\"image.default\">\n\t\t\t\t<div class=\"elementor-widget-container\">\n\t\t\t\t\t\t\t\t\t\t\t\t\t\t\t<img loading=\"lazy\" decoding=\"async\" width=\"631\" height=\"632\" src=\"https:\/\/mujeresempresariasblc.com\/wp-content\/uploads\/2024\/07\/carmen-1-2.webp\" class=\"attachment-full size-full wp-image-1882\" alt=\"\" srcset=\"https:\/\/mujeresempresariasblc.com\/wp-content\/uploads\/2024\/07\/carmen-1-2.webp 631w, https:\/\/mujeresempresariasblc.com\/wp-content\/uploads\/2024\/07\/carmen-1-2-300x300.webp 300w, https:\/\/mujeresempresariasblc.com\/wp-content\/uploads\/2024\/07\/carmen-1-2-150x150.webp 150w\" sizes=\"(max-width: 631px) 100vw, 631px\" \/>\t\t\t\t\t\t\t\t\t\t\t\t\t\t\t<\/div>\n\t\t\t\t<\/div>\n\t\t\t\t<div class=\"elementor-element elementor-element-1ae62cb elementor-widget elementor-widget-heading\" data-id=\"1ae62cb\" data-element_type=\"widget\" data-widget_type=\"heading.default\">\n\t\t\t\t<div class=\"elementor-widget-container\">\n\t\t\t\t\t<h2 class=\"elementor-heading-title elementor-size-default\">Adriana Macias<\/h2>\t\t\t\t<\/div>\n\t\t\t\t<\/div>\n\t\t\t\t<div class=\"elementor-element elementor-element-2fbec12 elementor-widget elementor-widget-text-editor\" data-id=\"2fbec12\" data-element_type=\"widget\" data-widget_type=\"text-editor.default\">\n\t\t\t\t<div class=\"elementor-widget-container\">\n\t\t\t\t\t\t\t\t\tEscritora y Conferencista Internacional.\n\n\t\t\t\t\t\t\t\t<\/div>\n\t\t\t\t<\/div>\n\t\t\t\t<\/div>\n\t\t<div class=\"elementor-element elementor-element-0ed1fa0 e-con-full e-flex e-con e-child\" data-id=\"0ed1fa0\" data-element_type=\"container\">\n\t\t\t\t<div class=\"elementor-element elementor-element-066f56e elementor-invisible elementor-widget elementor-widget-image\" data-id=\"066f56e\" data-element_type=\"widget\" data-settings=\"{&quot;_animation&quot;:&quot;rollIn&quot;,&quot;_animation_delay&quot;:300}\" data-widget_type=\"image.default\">\n\t\t\t\t<div class=\"elementor-widget-container\">\n\t\t\t\t\t\t\t\t\t\t\t\t\t\t\t<img loading=\"lazy\" decoding=\"async\" width=\"632\" height=\"631\" src=\"https:\/\/mujeresempresariasblc.com\/wp-content\/uploads\/2024\/07\/carmen-6-2.webp\" class=\"attachment-full size-full wp-image-1887\" alt=\"\" srcset=\"https:\/\/mujeresempresariasblc.com\/wp-content\/uploads\/2024\/07\/carmen-6-2.webp 632w, https:\/\/mujeresempresariasblc.com\/wp-content\/uploads\/2024\/07\/carmen-6-2-300x300.webp 300w, https:\/\/mujeresempresariasblc.com\/wp-content\/uploads\/2024\/07\/carmen-6-2-150x150.webp 150w\" sizes=\"(max-width: 632px) 100vw, 632px\" \/>\t\t\t\t\t\t\t\t\t\t\t\t\t\t\t<\/div>\n\t\t\t\t<\/div>\n\t\t\t\t<div class=\"elementor-element elementor-element-fa88d43 elementor-widget elementor-widget-heading\" data-id=\"fa88d43\" data-element_type=\"widget\" data-widget_type=\"heading.default\">\n\t\t\t\t<div class=\"elementor-widget-container\">\n\t\t\t\t\t<h2 class=\"elementor-heading-title elementor-size-default\">Tuti Furl\u00e1n\n<\/h2>\t\t\t\t<\/div>\n\t\t\t\t<\/div>\n\t\t\t\t<div class=\"elementor-element elementor-element-23d4fbb elementor-widget elementor-widget-text-editor\" data-id=\"23d4fbb\" data-element_type=\"widget\" data-widget_type=\"text-editor.default\">\n\t\t\t\t<div class=\"elementor-widget-container\">\n\t\t\t\t\t\t\t\t\tPsic\u00f3loga cl\u00ednica especializada en psicolog\u00eda positiva y ciencias de la felicidad, escritora, conferencista internacional, comunicadora, actriz y empresaria.\n\t\t\t\t\t\t\t\t<\/div>\n\t\t\t\t<\/div>\n\t\t\t\t<\/div>\n\t\t\t\t\t<\/div>\n\t\t\t\t<\/div>\n\t\t\t\t<\/div>","protected":false},"excerpt":{"rendered":"<p>Alianzas Invitadas especiales Daniela Buitr\u00f3n Conferencista y Consultora de Imagen P\u00fablica, F\u00edsica y Empresarial. Karen Hoyos Coach de Coaches Celebridades y Empresas Tatiana Arias Empresaria, mentora, creadora del Sistema de Felicidad Financiera y Autora Best Seller Margarita Pasos L\u00edder de opini\u00f3n, empresaria conferencista y entrenadora corporativa del FORTUNE 500 Adriana Macias Escritora y Conferencista Internacional. [&hellip;]<\/p>","protected":false},"author":8,"featured_media":0,"parent":72,"menu_order":0,"comment_status":"closed","ping_status":"closed","template":"","meta":{"footnotes":""},"class_list":["post-1873","page","type-page","status-publish","hentry"],"_links":{"self":[{"href":"https:\/\/mujeresempresariasblc.com\/it\/wp-json\/wp\/v2\/pages\/1873","targetHints":{"allow":["GET"]}}],"collection":[{"href":"https:\/\/mujeresempresariasblc.com\/it\/wp-json\/wp\/v2\/pages"}],"about":[{"href":"https:\/\/mujeresempresariasblc.com\/it\/wp-json\/wp\/v2\/types\/page"}],"author":[{"embeddable":true,"href":"https:\/\/mujeresempresariasblc.com\/it\/wp-json\/wp\/v2\/users\/8"}],"replies":[{"embeddable":true,"href":"https:\/\/mujeresempresariasblc.com\/it\/wp-json\/wp\/v2\/comments?post=1873"}],"version-history":[{"count":23,"href":"https:\/\/mujeresempresariasblc.com\/it\/wp-json\/wp\/v2\/pages\/1873\/revisions"}],"predecessor-version":[{"id":2473,"href":"https:\/\/mujeresempresariasblc.com\/it\/wp-json\/wp\/v2\/pages\/1873\/revisions\/2473"}],"up":[{"embeddable":true,"href":"https:\/\/mujeresempresariasblc.com\/it\/wp-json\/wp\/v2\/pages\/72"}],"wp:attachment":[{"href":"https:\/\/mujeresempresariasblc.com\/it\/wp-json\/wp\/v2\/media?parent=1873"}],"curies":[{"name":"wp","href":"https:\/\/api.w.org\/{rel}","templated":true}]}}